{"id":523,"date":"2022-02-14T12:02:47","date_gmt":"2022-02-14T12:02:47","guid":{"rendered":"https:\/\/neuemobility.com\/?page_id=523"},"modified":"2022-02-17T12:53:37","modified_gmt":"2022-02-17T12:53:37","slug":"projekt-e","status":"publish","type":"page","link":"https:\/\/neuemobility.com\/?page_id=523","title":{"rendered":"Projekt E &#8211; NeueMobility &#8211; Kiss &#038; Ride"},"content":{"rendered":"\n<div class=\"wp-block-image\"><figure class=\"aligncenter size-full\"><img loading=\"lazy\" decoding=\"async\" width=\"801\" height=\"432\" src=\"https:\/\/neuemobility.com\/wp-content\/uploads\/2022\/02\/Screenshot-2022-02-17-at-13.11.22.png\" alt=\"\" class=\"wp-image-654\" srcset=\"https:\/\/neuemobility.com\/wp-content\/uploads\/2022\/02\/Screenshot-2022-02-17-at-13.11.22.png 801w, https:\/\/neuemobility.com\/wp-content\/uploads\/2022\/02\/Screenshot-2022-02-17-at-13.11.22-300x162.png 300w, https:\/\/neuemobility.com\/wp-content\/uploads\/2022\/02\/Screenshot-2022-02-17-at-13.11.22-768x414.png 768w\" sizes=\"auto, (max-width: 801px) 100vw, 801px\" \/><\/figure><\/div>\n\n\n\n\n\n<div class=\"wp-block-image\"><figure class=\"aligncenter size-large\"><img loading=\"lazy\" decoding=\"async\" width=\"791\" height=\"1024\" src=\"https:\/\/neuemobility.com\/wp-content\/uploads\/2022\/02\/Screenshot-2022-02-17-at-13.08.55-1-791x1024.png\" alt=\"\" class=\"wp-image-657\" srcset=\"https:\/\/neuemobility.com\/wp-content\/uploads\/2022\/02\/Screenshot-2022-02-17-at-13.08.55-1-791x1024.png 791w, https:\/\/neuemobility.com\/wp-content\/uploads\/2022\/02\/Screenshot-2022-02-17-at-13.08.55-1-232x300.png 232w, https:\/\/neuemobility.com\/wp-content\/uploads\/2022\/02\/Screenshot-2022-02-17-at-13.08.55-1-768x994.png 768w, https:\/\/neuemobility.com\/wp-content\/uploads\/2022\/02\/Screenshot-2022-02-17-at-13.08.55-1.png 866w\" sizes=\"auto, (max-width: 791px) 100vw, 791px\" \/><\/figure><\/div>\n\n\n\n\n\n<h2 class=\"wp-block-heading\" id=\"was-wollen-die\">Was wollen die?<\/h2>\n\n\n\n<p>Autonomer Bus vom Hafen zum Gro\u00dfneumarkt. Es fehlt eine Anbindung mit Zubringerfunktion an die n\u00f6rdliche Neustadt. Bestehender \u00d6PNV beschr\u00e4nkt sich auf die Ost-West Achse<\/p>\n\n\n\n<p>Autos raus &amp; Fahrrad rein. Velo Routen ausbauen und sicherer machen. Lebensqualit\u00e4t durch weniger Lautst\u00e4rke, Schadstoffe und Sicherheit.<\/p>\n\n\n\n<p>Stra\u00dfenraum gerechter aufteilen.<\/p>\n\n\n\n<p>Mobility Hubs, Kiss &amp; Ride neu gedacht. Der Anlaufpunkt zur Nutzung von Mikromobilit\u00e4tskonzepten im &#8216;shared&#8217; Prinzip. Zustieg zum autonomen Bus.<\/p>\n\n\n\n<p><\/p>\n\n\n\n<p><\/p>\n\n\n\n<p>\u00a9 Bertil G\u00fcrtler, Hannah Erasmi, Moritz Zechel<\/p>\n","protected":false},"excerpt":{"rendered":"<p>Was wollen die? Autonomer Bus vom Hafen zum Gro\u00dfneumarkt. Es fehlt eine Anbindung mit Zubringerfunktion an die n\u00f6rdliche Neustadt. Bestehender \u00d6PNV beschr\u00e4nkt sich auf die Ost-West Achse Autos raus &amp; Fahrrad rein. Velo Routen ausbauen und sicherer machen. Lebensqualit\u00e4t durch weniger Lautst\u00e4rke, Schadstoffe und Sicherheit. Stra\u00dfenraum gerechter aufteilen. Mobility Hubs, Kiss &amp; Ride neu gedacht. &hellip; <a href=\"https:\/\/neuemobility.com\/?page_id=523\" class=\"more-link\">Continue reading <span class=\"screen-reader-text\">Projekt E &#8211; NeueMobility &#8211; Kiss &#038; Ride<\/span><\/a><\/p>\n","protected":false},"author":1,"featured_media":0,"parent":0,"menu_order":0,"comment_status":"closed","ping_status":"closed","template":"full-width-page.php","meta":{"footnotes":""},"class_list":["post-523","page","type-page","status-publish","hentry"],"_links":{"self":[{"href":"https:\/\/neuemobility.com\/index.php?rest_route=\/wp\/v2\/pages\/523","targetHints":{"allow":["GET"]}}],"collection":[{"href":"https:\/\/neuemobility.com\/index.php?rest_route=\/wp\/v2\/pages"}],"about":[{"href":"https:\/\/neuemobility.com\/index.php?rest_route=\/wp\/v2\/types\/page"}],"author":[{"embeddable":true,"href":"https:\/\/neuemobility.com\/index.php?rest_route=\/wp\/v2\/users\/1"}],"replies":[{"embeddable":true,"href":"https:\/\/neuemobility.com\/index.php?rest_route=%2Fwp%2Fv2%2Fcomments&post=523"}],"version-history":[{"count":4,"href":"https:\/\/neuemobility.com\/index.php?rest_route=\/wp\/v2\/pages\/523\/revisions"}],"predecessor-version":[{"id":659,"href":"https:\/\/neuemobility.com\/index.php?rest_route=\/wp\/v2\/pages\/523\/revisions\/659"}],"wp:attachment":[{"href":"https:\/\/neuemobility.com\/index.php?rest_route=%2Fwp%2Fv2%2Fmedia&parent=523"}],"curies":[{"name":"wp","href":"https:\/\/api.w.org\/{rel}","templated":true}]}}