{"id":516,"date":"2022-02-14T11:55:25","date_gmt":"2022-02-14T11:55:25","guid":{"rendered":"https:\/\/neuemobility.com\/?page_id=516"},"modified":"2022-02-17T12:54:28","modified_gmt":"2022-02-17T12:54:28","slug":"projekt-b","status":"publish","type":"page","link":"https:\/\/neuemobility.com\/?page_id=516","title":{"rendered":"Projekt B &#8211; Umsteigen lohnt sich!"},"content":{"rendered":"\n<p>Begebt euch gemeinsam mit unserem Projekt auf eine Reise zu den \u00f6ffentlichen R\u00e4umen der Zukunft.<\/p>\n\n\n\n<p>Mobility &amp; Logistic Hubs helfen uns dabei den Strassenraum zur\u00fcck zu erobern.<\/p>\n\n\n\n<p>Also Parkt euer Auto und AB AUF DIE STRASSE!<\/p>\n\n\n\n<p><\/p>\n\n\n\n<p><\/p>\n\n\n\n\n\n<div class=\"wp-block-image\"><figure class=\"aligncenter size-large is-resized\"><img loading=\"lazy\" decoding=\"async\" src=\"https:\/\/neuemobility.com\/wp-content\/uploads\/2022\/02\/Screenshot-2022-02-17-at-09.40.17-722x1024.png\" alt=\"\" class=\"wp-image-596\" width=\"897\" height=\"1272\" srcset=\"https:\/\/neuemobility.com\/wp-content\/uploads\/2022\/02\/Screenshot-2022-02-17-at-09.40.17-722x1024.png 722w, https:\/\/neuemobility.com\/wp-content\/uploads\/2022\/02\/Screenshot-2022-02-17-at-09.40.17-211x300.png 211w, https:\/\/neuemobility.com\/wp-content\/uploads\/2022\/02\/Screenshot-2022-02-17-at-09.40.17-768x1089.png 768w, https:\/\/neuemobility.com\/wp-content\/uploads\/2022\/02\/Screenshot-2022-02-17-at-09.40.17.png 865w\" sizes=\"auto, (max-width: 897px) 100vw, 897px\" \/><\/figure><\/div>\n\n\n\n<p><\/p>\n\n\n\n<p>Logistic Hubs, Mobility Hubs und Parkraummanagement<\/p>\n\n\n\n<p><\/p>\n\n\n\n\n\n<div class=\"wp-block-image\"><figure class=\"aligncenter size-full\"><img loading=\"lazy\" decoding=\"async\" width=\"1016\" height=\"858\" src=\"https:\/\/neuemobility.com\/wp-content\/uploads\/2022\/02\/Screenshot-2022-02-17-at-09.42.51.png\" alt=\"\" class=\"wp-image-595\" srcset=\"https:\/\/neuemobility.com\/wp-content\/uploads\/2022\/02\/Screenshot-2022-02-17-at-09.42.51.png 1016w, https:\/\/neuemobility.com\/wp-content\/uploads\/2022\/02\/Screenshot-2022-02-17-at-09.42.51-300x253.png 300w, https:\/\/neuemobility.com\/wp-content\/uploads\/2022\/02\/Screenshot-2022-02-17-at-09.42.51-768x649.png 768w\" sizes=\"auto, (max-width: 1016px) 100vw, 1016px\" \/><\/figure><\/div>\n\n\n\n\n\n<div class=\"wp-block-image\"><figure class=\"aligncenter size-full\"><img loading=\"lazy\" decoding=\"async\" width=\"713\" height=\"475\" src=\"https:\/\/neuemobility.com\/wp-content\/uploads\/2022\/02\/Screenshot-2022-02-17-at-09.50.24.png\" alt=\"\" class=\"wp-image-599\" srcset=\"https:\/\/neuemobility.com\/wp-content\/uploads\/2022\/02\/Screenshot-2022-02-17-at-09.50.24.png 713w, https:\/\/neuemobility.com\/wp-content\/uploads\/2022\/02\/Screenshot-2022-02-17-at-09.50.24-300x200.png 300w\" sizes=\"auto, (max-width: 713px) 100vw, 713px\" \/><\/figure><\/div>\n\n\n\n\n\n<p>\u00a9 Hj\u00f6rdis-Sophia Eggers, Katinka Oertzen, Emma Uelsmann<\/p>\n","protected":false},"excerpt":{"rendered":"<p>Begebt euch gemeinsam mit unserem Projekt auf eine Reise zu den \u00f6ffentlichen R\u00e4umen der Zukunft. Mobility &amp; Logistic Hubs helfen uns dabei den Strassenraum zur\u00fcck zu erobern. Also Parkt euer Auto und AB AUF DIE STRASSE! Logistic Hubs, Mobility Hubs und Parkraummanagement \u00a9 Hj\u00f6rdis-Sophia Eggers, Katinka Oertzen, Emma Uelsmann<\/p>\n","protected":false},"author":1,"featured_media":0,"parent":0,"menu_order":0,"comment_status":"closed","ping_status":"closed","template":"full-width-page.php","meta":{"footnotes":""},"class_list":["post-516","page","type-page","status-publish","hentry"],"_links":{"self":[{"href":"https:\/\/neuemobility.com\/index.php?rest_route=\/wp\/v2\/pages\/516","targetHints":{"allow":["GET"]}}],"collection":[{"href":"https:\/\/neuemobility.com\/index.php?rest_route=\/wp\/v2\/pages"}],"about":[{"href":"https:\/\/neuemobility.com\/index.php?rest_route=\/wp\/v2\/types\/page"}],"author":[{"embeddable":true,"href":"https:\/\/neuemobility.com\/index.php?rest_route=\/wp\/v2\/users\/1"}],"replies":[{"embeddable":true,"href":"https:\/\/neuemobility.com\/index.php?rest_route=%2Fwp%2Fv2%2Fcomments&post=516"}],"version-history":[{"count":8,"href":"https:\/\/neuemobility.com\/index.php?rest_route=\/wp\/v2\/pages\/516\/revisions"}],"predecessor-version":[{"id":660,"href":"https:\/\/neuemobility.com\/index.php?rest_route=\/wp\/v2\/pages\/516\/revisions\/660"}],"wp:attachment":[{"href":"https:\/\/neuemobility.com\/index.php?rest_route=%2Fwp%2Fv2%2Fmedia&parent=516"}],"curies":[{"name":"wp","href":"https:\/\/api.w.org\/{rel}","templated":true}]}}