{"id":508,"date":"2022-02-14T11:00:20","date_gmt":"2022-02-14T11:00:20","guid":{"rendered":"https:\/\/neuemobility.com\/?page_id=508"},"modified":"2022-02-17T08:36:15","modified_gmt":"2022-02-17T08:36:15","slug":"projekt-a","status":"publish","type":"page","link":"https:\/\/neuemobility.com\/?page_id=508","title":{"rendered":"Projekt A &#8211; Was k\u00f6nnen Sie sich hier vorstellen?"},"content":{"rendered":"\n<p>Eine Autofreie Stra\u00dfe schafft Platz f\u00fcr Umorientierung. Dabei kann man sehr kreativ werden! Das vorliegende Konzept nimmt sich heraus aus langweiligen Klassikern wie die Fahrradsta\u00dfe etwas spannenderes zu gestalten. &#8220;Rauf auf die Skates!&#8221; gestaltet eine Skateboardingstra\u00dfe, die im Winter das Eislaufen und im Sommer Angebote wie Inlinerfahren oder Skateboarden unterst\u00fctzt.<\/p>\n\n\n\n<p>Das Konzept soll dabei haupts\u00e4chlich auf die Anregung der Fantasie abzielen und das Entwickeln von eigenen Ideen innerhalb der Bev\u00f6lkerung f\u00f6rdern.<\/p>\n\n\n\n<p>Wenn Sie sogar auf der Stra\u00dfe eislaufen k\u00f6nnen, stellen Sie sich vor was sonst noch alles m\u00f6glich ist!<\/p>\n\n\n\n\n\n<figure class=\"wp-block-image size-large\"><img loading=\"lazy\" decoding=\"async\" width=\"778\" height=\"1024\" src=\"https:\/\/neuemobility.com\/wp-content\/uploads\/2022\/02\/Screenshot-2022-02-17-at-08.59.55-1-778x1024.png\" alt=\"\" class=\"wp-image-587\" srcset=\"https:\/\/neuemobility.com\/wp-content\/uploads\/2022\/02\/Screenshot-2022-02-17-at-08.59.55-1-778x1024.png 778w, https:\/\/neuemobility.com\/wp-content\/uploads\/2022\/02\/Screenshot-2022-02-17-at-08.59.55-1-228x300.png 228w, https:\/\/neuemobility.com\/wp-content\/uploads\/2022\/02\/Screenshot-2022-02-17-at-08.59.55-1-768x1011.png 768w, https:\/\/neuemobility.com\/wp-content\/uploads\/2022\/02\/Screenshot-2022-02-17-at-08.59.55-1.png 864w\" sizes=\"auto, (max-width: 778px) 100vw, 778px\" \/><\/figure>\n\n\n\n<p>\u00a9 Aida Berberi, B\u00fcnyamin Corluoglu, Celina Schnegule<\/p>\n","protected":false},"excerpt":{"rendered":"<p>Eine Autofreie Stra\u00dfe schafft Platz f\u00fcr Umorientierung. Dabei kann man sehr kreativ werden! Das vorliegende Konzept nimmt sich heraus aus langweiligen Klassikern wie die Fahrradsta\u00dfe etwas spannenderes zu gestalten. &#8220;Rauf auf die Skates!&#8221; gestaltet eine Skateboardingstra\u00dfe, die im Winter das Eislaufen und im Sommer Angebote wie Inlinerfahren oder Skateboarden unterst\u00fctzt. Das Konzept soll dabei haupts\u00e4chlich &hellip; <a href=\"https:\/\/neuemobility.com\/?page_id=508\" class=\"more-link\">Continue reading <span class=\"screen-reader-text\">Projekt A &#8211; Was k\u00f6nnen Sie sich hier vorstellen?<\/span><\/a><\/p>\n","protected":false},"author":1,"featured_media":0,"parent":26,"menu_order":0,"comment_status":"closed","ping_status":"closed","template":"full-width-page.php","meta":{"footnotes":""},"class_list":["post-508","page","type-page","status-publish","hentry"],"_links":{"self":[{"href":"https:\/\/neuemobility.com\/index.php?rest_route=\/wp\/v2\/pages\/508","targetHints":{"allow":["GET"]}}],"collection":[{"href":"https:\/\/neuemobility.com\/index.php?rest_route=\/wp\/v2\/pages"}],"about":[{"href":"https:\/\/neuemobility.com\/index.php?rest_route=\/wp\/v2\/types\/page"}],"author":[{"embeddable":true,"href":"https:\/\/neuemobility.com\/index.php?rest_route=\/wp\/v2\/users\/1"}],"replies":[{"embeddable":true,"href":"https:\/\/neuemobility.com\/index.php?rest_route=%2Fwp%2Fv2%2Fcomments&post=508"}],"version-history":[{"count":10,"href":"https:\/\/neuemobility.com\/index.php?rest_route=\/wp\/v2\/pages\/508\/revisions"}],"predecessor-version":[{"id":593,"href":"https:\/\/neuemobility.com\/index.php?rest_route=\/wp\/v2\/pages\/508\/revisions\/593"}],"up":[{"embeddable":true,"href":"https:\/\/neuemobility.com\/index.php?rest_route=\/wp\/v2\/pages\/26"}],"wp:attachment":[{"href":"https:\/\/neuemobility.com\/index.php?rest_route=%2Fwp%2Fv2%2Fmedia&parent=508"}],"curies":[{"name":"wp","href":"https:\/\/api.w.org\/{rel}","templated":true}]}}