{"id":26,"date":"2022-01-04T10:19:13","date_gmt":"2022-01-04T10:19:13","guid":{"rendered":"https:\/\/neuemobility.com\/?page_id=26"},"modified":"2022-06-20T07:22:53","modified_gmt":"2022-06-20T07:22:53","slug":"neuemobility-portugiesenviertel","status":"publish","type":"page","link":"https:\/\/neuemobility.com\/","title":{"rendered":"Neue Mobility im Portugiesenviertel Hamburg"},"content":{"rendered":"\n<figure class=\"wp-block-image alignfull size-full\"><img loading=\"lazy\" decoding=\"async\" width=\"818\" height=\"553\" src=\"https:\/\/neuemobility.com\/wp-content\/uploads\/2022\/03\/StartPlusBegeh.png\" alt=\"\" class=\"wp-image-700\" srcset=\"https:\/\/neuemobility.com\/wp-content\/uploads\/2022\/03\/StartPlusBegeh.png 818w, https:\/\/neuemobility.com\/wp-content\/uploads\/2022\/03\/StartPlusBegeh-300x203.png 300w, https:\/\/neuemobility.com\/wp-content\/uploads\/2022\/03\/StartPlusBegeh-768x519.png 768w\" sizes=\"auto, (max-width: 818px) 100vw, 818px\" \/><\/figure>\n\n\n<p><strong>Neue Mobility und der \u00f6ffentliche Raum, 2022.<\/strong><\/p>\n<p>Durch die CORONA Pandemie beschleunigt sind viele St\u00e4dte und Kommunen dabei ihre Nutzung des Strassenraumes zu evaluieren und zu ver\u00e4ndern (z.b. durch neue PopUp Fahrradwege oder Verlagerung von Gastronomie ins Freie&#8230; Diese Ver\u00e4nderungen haben auch zu neuen Haltungen und W\u00fcnschen gegen\u00fcber dem \u00f6ffentlichen Raum gef\u00fchrt, und die Frage nach dessen Nutzung ist zu einem wichtigen Thema geworden: Soll der Strassenraum vornehmlich durch die PKW Nutzung bestimmt sein, oder kann man sich etwas anderes und besseres vorstellen?<\/p>\n<p>Antworten auf diese Frage m\u00fcssen z\u00fcgig entwickelt werden und gut durchdacht sein. Es geht hier um einen spezifischen und speziellen Ort mit eigenen Anforderungen und Zusammenh\u00e4ngen: das &#8216;Portugiesenviertel&#8217; in der Neustadt Hamburg.<\/p>\n<p>Gepr\u00e4gt durch eine lebendige Strassenszene lockt es (bei entsprechendem Wetter) viele Bummler und Touristen an, hat daher Gastst\u00e4tten und spezialisierten Handel und Gesch\u00e4fte. Aber das ist nur ein Teil des Charakters, er ist ebenfalls gepr\u00e4gt durch die N\u00e4he zum Hafen, die Innenstadt sowie verschiedene Kirchen und vor allem auch dem &#8216;Michel&#8217; (Sankt Michaelis).&nbsp; Ver\u00e4nderungen m\u00fcssen daher diesem Gesamtbild gerecht werden (Nutzer, Betroffene, Anwohner, Besucher) sowie eine Auseinandersetzung mit den sich ver\u00e4ndernden Bedingungen und Anforderungen an St\u00e4dte beinhalten.<\/p>\n<p>Um technisch auf dem Stand der Zeit zu sein, und auch j\u00fcngere Zielgruppen anzusprechen, sowie die Stadtentwicklung und Digitalisierung in einem Atemzug zu verbinden, werden die Resultate durch webbasierte Augmented Reality auf jedem SmartPhone ohne APP sichtbar gemacht. Direkt an den Orten die sich ver\u00e4ndern sollen wird durch Aufruf eines Zeichens auf der Strasse (Aufkleber mit Symbol) die Visualisierung aufgerufen.&nbsp;<\/p>\n<p>Die verwendete Technik ist Open Source und kann ohne die Installierung einer APP direkt von jedermann anonym genutzt werden. Der Betrachter wird in kommenden Stufen erm\u00f6glicht seine eigenen Vorstellungen einzuspeisen und an der Entwicklung teilzunehmen (Partizipation).<\/p>\n<p><span style=\"font-size: revert; color: initial; font-family: -apple-system, BlinkMacSystemFont, 'Segoe UI', Roboto, Oxygen-Sans, Ubuntu, Cantarell, 'Helvetica Neue', sans-serif;\">Vor Ort kann sich jeder Besucher ein Bild von den Vorschl\u00e4gen machen, Kommentare und Ideen beisteuern und Verbesserungen anregen.&nbsp;<\/span><\/p>\n<p>Eine prototypische Erstanwendung (MVP) zu entwickeln hat sich das Seminar Stadtplanung an der HCU zur Aufgabe gemacht. Dieses Projekt wird im Verlauf hier begleitet und wurde \u00f6ffentlich Anfang April mit viel Interesse im Quartier vorgestellt und diskutiert.<\/p>\n<p><\/p>\n\n\n<figure class=\"wp-block-image size-large is-resized\"><img loading=\"lazy\" decoding=\"async\" src=\"https:\/\/neuemobility.com\/wp-content\/uploads\/2022\/04\/PXL_20220404_065642545-768x1024.jpg\" alt=\"\" class=\"wp-image-707\" width=\"903\" height=\"1204\" srcset=\"https:\/\/neuemobility.com\/wp-content\/uploads\/2022\/04\/PXL_20220404_065642545-768x1024.jpg 768w, https:\/\/neuemobility.com\/wp-content\/uploads\/2022\/04\/PXL_20220404_065642545-225x300.jpg 225w, https:\/\/neuemobility.com\/wp-content\/uploads\/2022\/04\/PXL_20220404_065642545.jpg 890w\" sizes=\"auto, (max-width: 903px) 100vw, 903px\" \/><\/figure>\n\n\n\n<figure class=\"wp-block-image size-large\"><img loading=\"lazy\" decoding=\"async\" width=\"1024\" height=\"724\" src=\"https:\/\/neuemobility.com\/wp-content\/uploads\/2022\/04\/0-1024x724.jpg\" alt=\"\" class=\"wp-image-708\" srcset=\"https:\/\/neuemobility.com\/wp-content\/uploads\/2022\/04\/0-1024x724.jpg 1024w, https:\/\/neuemobility.com\/wp-content\/uploads\/2022\/04\/0-300x212.jpg 300w, https:\/\/neuemobility.com\/wp-content\/uploads\/2022\/04\/0-768x543.jpg 768w, https:\/\/neuemobility.com\/wp-content\/uploads\/2022\/04\/0.jpg 1486w\" sizes=\"auto, (max-width: 1024px) 100vw, 1024px\" \/><\/figure>\n\n\n\n<figure class=\"wp-block-image size-large\"><img loading=\"lazy\" decoding=\"async\" width=\"1024\" height=\"472\" src=\"https:\/\/neuemobility.com\/wp-content\/uploads\/2022\/04\/Screenshot_20220407-144512-1024x472.png\" alt=\"\" class=\"wp-image-709\" srcset=\"https:\/\/neuemobility.com\/wp-content\/uploads\/2022\/04\/Screenshot_20220407-144512-1024x472.png 1024w, https:\/\/neuemobility.com\/wp-content\/uploads\/2022\/04\/Screenshot_20220407-144512-300x138.png 300w, https:\/\/neuemobility.com\/wp-content\/uploads\/2022\/04\/Screenshot_20220407-144512-768x354.png 768w, https:\/\/neuemobility.com\/wp-content\/uploads\/2022\/04\/Screenshot_20220407-144512.png 1232w\" sizes=\"auto, (max-width: 1024px) 100vw, 1024px\" \/><\/figure>\n\n\n\n\n\n\n\n<p><\/p>\n\n\n\n<p><\/p>\n\n\n\n<p>Gef\u00f6rdert aus Mitteln des #moinzukunft Hamburger Klimafonds<\/p>\n\n\n\n<figure class=\"wp-block-image alignfull size-full\"><img loading=\"lazy\" decoding=\"async\" width=\"1002\" height=\"228\" src=\"https:\/\/neuemobility.com\/wp-content\/uploads\/2022\/02\/Klimafond-1.png\" alt=\"\" class=\"wp-image-558\" srcset=\"https:\/\/neuemobility.com\/wp-content\/uploads\/2022\/02\/Klimafond-1.png 1002w, https:\/\/neuemobility.com\/wp-content\/uploads\/2022\/02\/Klimafond-1-300x68.png 300w, https:\/\/neuemobility.com\/wp-content\/uploads\/2022\/02\/Klimafond-1-768x175.png 768w\" sizes=\"auto, (max-width: 1002px) 100vw, 1002px\" \/><\/figure>\n\n\n\n<p>\u00a9 NeueMobility 2022 (contact: Daniel Jenett, info(at)jenett.com, 0172 2494250)<\/p>\n","protected":false},"excerpt":{"rendered":"<p>Neue Mobility und der \u00f6ffentliche Raum, 2022. Durch die CORONA Pandemie beschleunigt sind viele St\u00e4dte und Kommunen dabei ihre Nutzung des Strassenraumes zu evaluieren und zu ver\u00e4ndern (z.b. durch neue PopUp Fahrradwege oder Verlagerung von Gastronomie ins Freie&#8230; Diese Ver\u00e4nderungen haben auch zu neuen Haltungen und W\u00fcnschen gegen\u00fcber dem \u00f6ffentlichen Raum gef\u00fchrt, und die Frage &hellip; <a href=\"https:\/\/neuemobility.com\/\" class=\"more-link\">Continue reading <span class=\"screen-reader-text\">Neue Mobility im Portugiesenviertel Hamburg<\/span><\/a><\/p>\n","protected":false},"author":1,"featured_media":0,"parent":0,"menu_order":0,"comment_status":"closed","ping_status":"closed","template":"full-width-page.php","meta":{"footnotes":""},"class_list":["post-26","page","type-page","status-publish","hentry"],"_links":{"self":[{"href":"https:\/\/neuemobility.com\/index.php?rest_route=\/wp\/v2\/pages\/26","targetHints":{"allow":["GET"]}}],"collection":[{"href":"https:\/\/neuemobility.com\/index.php?rest_route=\/wp\/v2\/pages"}],"about":[{"href":"https:\/\/neuemobility.com\/index.php?rest_route=\/wp\/v2\/types\/page"}],"author":[{"embeddable":true,"href":"https:\/\/neuemobility.com\/index.php?rest_route=\/wp\/v2\/users\/1"}],"replies":[{"embeddable":true,"href":"https:\/\/neuemobility.com\/index.php?rest_route=%2Fwp%2Fv2%2Fcomments&post=26"}],"version-history":[{"count":61,"href":"https:\/\/neuemobility.com\/index.php?rest_route=\/wp\/v2\/pages\/26\/revisions"}],"predecessor-version":[{"id":718,"href":"https:\/\/neuemobility.com\/index.php?rest_route=\/wp\/v2\/pages\/26\/revisions\/718"}],"wp:attachment":[{"href":"https:\/\/neuemobility.com\/index.php?rest_route=%2Fwp%2Fv2%2Fmedia&parent=26"}],"curies":[{"name":"wp","href":"https:\/\/api.w.org\/{rel}","templated":true}]}}